{"id":71411,"date":"2025-03-05T11:54:11","date_gmt":"2025-03-05T11:54:11","guid":{"rendered":"https:\/\/www.casamiradormalaga.com\/?page_id=71411"},"modified":"2025-04-01T16:32:46","modified_gmt":"2025-04-01T16:32:46","slug":"71411-2","status":"publish","type":"page","link":"https:\/\/www.casamiradormalaga.com\/?page_id=71411","title":{"rendered":"About us"},"content":{"rendered":"<p>[et_pb_section fb_built=&#8221;1&#8243; _builder_version=&#8221;4.13.1&#8243; _module_preset=&#8221;default&#8221; global_colors_info=&#8221;{}&#8221;][et_pb_row _builder_version=&#8221;4.13.1&#8243; _module_preset=&#8221;default&#8221; global_colors_info=&#8221;{}&#8221;][et_pb_column type=&#8221;4_4&#8243; _builder_version=&#8221;4.13.1&#8243; _module_preset=&#8221;default&#8221; global_colors_info=&#8221;{}&#8221;][et_pb_text _builder_version=&#8221;4.13.1&#8243; _module_preset=&#8221;default&#8221; text_text_color=&#8221;#746b56&#8243; text_font_size=&#8221;28px&#8221; global_colors_info=&#8221;{}&#8221;]<\/p>\n<p><strong>ABOUT US<\/strong><\/p>\n<p>[\/et_pb_text][\/et_pb_column][\/et_pb_row][et_pb_row column_structure=&#8221;3_5,2_5&#8243; _builder_version=&#8221;4.13.1&#8243; _module_preset=&#8221;default&#8221; global_colors_info=&#8221;{}&#8221;][et_pb_column type=&#8221;3_5&#8243; _builder_version=&#8221;4.13.1&#8243; _module_preset=&#8221;default&#8221; global_colors_info=&#8221;{}&#8221;][et_pb_text _builder_version=&#8221;4.13.1&#8243; _module_preset=&#8221;default&#8221; global_colors_info=&#8221;{}&#8221;]<\/p>\n<p>Beginning 2025 La Casa Mirador opened its doors in the historical centre of <span>V\u00e9lez-M\u00e1laga. A unspoiled and hidden gem near the coast in the Axarqu\u00eda region of Andalusia. V\u00e9lez-M\u00e1laga is located near the coastal town of Torre del Mar, and is a working agricultural hub with an attractive historical centre. V\u00e9lez-M\u00e1laga is off the tourism trial, over here you will not be greeted in your native language, menus are not translated and you will not find tourism trap shops. V\u00e9lez-M\u00e1laga is where the Spanish work and live. And if you do seek more touristically known places such as Nerja and Malaga, reaching them is easy and quick as well.\u00a0<\/span><\/p>\n<p><span>My name is Lisa Verbeek, the owner of La Casa Mirador. Originally from the Netherlands, me and my daughter Sienna (6), took a dive into the deep and moved to Spain in 2024. After having visited many different regions, cities and towns, we fell in love with the Axarqu\u00eda region, and especically with V\u00e9lez-M\u00e1laga. This historical, yet vibrant city has it all for us. With many events going on, the centre with many shops on walking distance and the beach of Torre del Mar within only 10 minutes driving distance; V\u00e9lez-M\u00e1laga is the perfect combination of coast and culture.\u00a0<\/span><\/p>\n<p>After visiting several houses I came across a unique two floor house in the historical area, near the famous &#8216;Fortaleza&#8217;. What makes this place so special is that it is actually divided into two houses. Both with their own private entry, and living space. This is when the dream of La Casa Mirador was born, and made into reality not long after. With love and care I have created a lovely boutique guesthouse, with the most amazing views over town, the mountains and the sea in the far distance. A truly unique stay in a truly unique city.\u00a0<\/p>\n<p>I hope to welcome you soon at La Casa Mirador! With love &#8211; Lisa<\/p>\n<p><span><\/span><\/p>\n<p><span><\/span><\/p>\n<p>[\/et_pb_text][\/et_pb_column][et_pb_column type=&#8221;2_5&#8243; _builder_version=&#8221;4.13.1&#8243; _module_preset=&#8221;default&#8221; global_colors_info=&#8221;{}&#8221;][\/et_pb_column][\/et_pb_row][et_pb_row _builder_version=&#8221;4.13.1&#8243; _module_preset=&#8221;default&#8221;][et_pb_column _builder_version=&#8221;4.13.1&#8243; _module_preset=&#8221;default&#8221; type=&#8221;4_4&#8243;][et_pb_text _builder_version=&#8221;4.13.1&#8243; _module_preset=&#8221;default&#8221; hover_enabled=&#8221;0&#8243; sticky_enabled=&#8221;0&#8243;]<\/p>\n<p><strong>Rental licence: VUT\/MA\/90598<\/strong><\/p>\n<p>[\/et_pb_text][\/et_pb_column][\/et_pb_row][\/et_pb_section]<\/p>\n","protected":false},"excerpt":{"rendered":"<p>ABOUT USBeginning 2025 La Casa Mirador opened its doors in the historical centre of V\u00e9lez-M\u00e1laga. A unspoiled and hidden gem near the coast in the Axarqu\u00eda region of Andalusia. V\u00e9lez-M\u00e1laga is located near the coastal town of Torre del Mar, and is a working agricultural hub with an attractive historical centre. V\u00e9lez-M\u00e1laga is off the [&hellip;]<\/p>\n","protected":false},"author":3,"featured_media":0,"parent":0,"menu_order":0,"comment_status":"closed","ping_status":"closed","template":"","meta":{"_et_pb_use_builder":"on","_et_pb_old_content":"","_et_gb_content_width":"","footnotes":""},"class_list":["post-71411","page","type-page","status-publish","hentry"],"yoast_head":"<!-- This site is optimized with the Yoast SEO plugin v24.3 - https:\/\/yoast.com\/wordpress\/plugins\/seo\/ -->\n<title>About us - Casa Mirador Malaga<\/title>\n<meta name=\"robots\" content=\"index, follow, max-snippet:-1, max-image-preview:large, max-video-preview:-1\" \/>\n<link rel=\"canonical\" href=\"https:\/\/www.casamiradormalaga.com\/?page_id=71411\" \/>\n<meta property=\"og:locale\" content=\"nl_NL\" \/>\n<meta property=\"og:type\" content=\"article\" \/>\n<meta property=\"og:title\" content=\"About us - Casa Mirador Malaga\" \/>\n<meta property=\"og:description\" content=\"ABOUT USBeginning 2025 La Casa Mirador opened its doors in the historical centre of V\u00e9lez-M\u00e1laga. A unspoiled and hidden gem near the coast in the Axarqu\u00eda region of Andalusia. V\u00e9lez-M\u00e1laga is located near the coastal town of Torre del Mar, and is a working agricultural hub with an attractive historical centre. V\u00e9lez-M\u00e1laga is off the [&hellip;]\" \/>\n<meta property=\"og:url\" content=\"https:\/\/www.casamiradormalaga.com\/?page_id=71411\" \/>\n<meta property=\"og:site_name\" content=\"Casa Mirador Malaga\" \/>\n<meta property=\"article:modified_time\" content=\"2025-04-01T16:32:46+00:00\" \/>\n<meta name=\"twitter:card\" content=\"summary_large_image\" \/>\n<meta name=\"twitter:label1\" content=\"Geschatte leestijd\" \/>\n\t<meta name=\"twitter:data1\" content=\"1 minuut\" \/>\n<script type=\"application\/ld+json\" class=\"yoast-schema-graph\">{\"@context\":\"https:\/\/schema.org\",\"@graph\":[{\"@type\":\"WebPage\",\"@id\":\"https:\/\/www.casamiradormalaga.com\/?page_id=71411\",\"url\":\"https:\/\/www.casamiradormalaga.com\/?page_id=71411\",\"name\":\"About us - Casa Mirador Malaga\",\"isPartOf\":{\"@id\":\"https:\/\/www.casamiradormalaga.com\/#website\"},\"datePublished\":\"2025-03-05T11:54:11+00:00\",\"dateModified\":\"2025-04-01T16:32:46+00:00\",\"breadcrumb\":{\"@id\":\"https:\/\/www.casamiradormalaga.com\/?page_id=71411#breadcrumb\"},\"inLanguage\":\"nl-NL\",\"potentialAction\":[{\"@type\":\"ReadAction\",\"target\":[\"https:\/\/www.casamiradormalaga.com\/?page_id=71411\"]}]},{\"@type\":\"BreadcrumbList\",\"@id\":\"https:\/\/www.casamiradormalaga.com\/?page_id=71411#breadcrumb\",\"itemListElement\":[{\"@type\":\"ListItem\",\"position\":1,\"name\":\"Home\",\"item\":\"https:\/\/www.casamiradormalaga.com\/\"},{\"@type\":\"ListItem\",\"position\":2,\"name\":\"About us\"}]},{\"@type\":\"WebSite\",\"@id\":\"https:\/\/www.casamiradormalaga.com\/#website\",\"url\":\"https:\/\/www.casamiradormalaga.com\/\",\"name\":\"Casa Mirador Malaga\",\"description\":\"\",\"potentialAction\":[{\"@type\":\"SearchAction\",\"target\":{\"@type\":\"EntryPoint\",\"urlTemplate\":\"https:\/\/www.casamiradormalaga.com\/?s={search_term_string}\"},\"query-input\":{\"@type\":\"PropertyValueSpecification\",\"valueRequired\":true,\"valueName\":\"search_term_string\"}}],\"inLanguage\":\"nl-NL\"}]}<\/script>\n<!-- \/ Yoast SEO plugin. -->","yoast_head_json":{"title":"About us - Casa Mirador Malaga","robots":{"index":"index","follow":"follow","max-snippet":"max-snippet:-1","max-image-preview":"max-image-preview:large","max-video-preview":"max-video-preview:-1"},"canonical":"https:\/\/www.casamiradormalaga.com\/?page_id=71411","og_locale":"nl_NL","og_type":"article","og_title":"About us - Casa Mirador Malaga","og_description":"ABOUT USBeginning 2025 La Casa Mirador opened its doors in the historical centre of V\u00e9lez-M\u00e1laga. A unspoiled and hidden gem near the coast in the Axarqu\u00eda region of Andalusia. V\u00e9lez-M\u00e1laga is located near the coastal town of Torre del Mar, and is a working agricultural hub with an attractive historical centre. V\u00e9lez-M\u00e1laga is off the [&hellip;]","og_url":"https:\/\/www.casamiradormalaga.com\/?page_id=71411","og_site_name":"Casa Mirador Malaga","article_modified_time":"2025-04-01T16:32:46+00:00","twitter_card":"summary_large_image","twitter_misc":{"Geschatte leestijd":"1 minuut"},"schema":{"@context":"https:\/\/schema.org","@graph":[{"@type":"WebPage","@id":"https:\/\/www.casamiradormalaga.com\/?page_id=71411","url":"https:\/\/www.casamiradormalaga.com\/?page_id=71411","name":"About us - Casa Mirador Malaga","isPartOf":{"@id":"https:\/\/www.casamiradormalaga.com\/#website"},"datePublished":"2025-03-05T11:54:11+00:00","dateModified":"2025-04-01T16:32:46+00:00","breadcrumb":{"@id":"https:\/\/www.casamiradormalaga.com\/?page_id=71411#breadcrumb"},"inLanguage":"nl-NL","potentialAction":[{"@type":"ReadAction","target":["https:\/\/www.casamiradormalaga.com\/?page_id=71411"]}]},{"@type":"BreadcrumbList","@id":"https:\/\/www.casamiradormalaga.com\/?page_id=71411#breadcrumb","itemListElement":[{"@type":"ListItem","position":1,"name":"Home","item":"https:\/\/www.casamiradormalaga.com\/"},{"@type":"ListItem","position":2,"name":"About us"}]},{"@type":"WebSite","@id":"https:\/\/www.casamiradormalaga.com\/#website","url":"https:\/\/www.casamiradormalaga.com\/","name":"Casa Mirador Malaga","description":"","potentialAction":[{"@type":"SearchAction","target":{"@type":"EntryPoint","urlTemplate":"https:\/\/www.casamiradormalaga.com\/?s={search_term_string}"},"query-input":{"@type":"PropertyValueSpecification","valueRequired":true,"valueName":"search_term_string"}}],"inLanguage":"nl-NL"}]}},"_links":{"self":[{"href":"https:\/\/www.casamiradormalaga.com\/index.php?rest_route=\/wp\/v2\/pages\/71411","targetHints":{"allow":["GET"]}}],"collection":[{"href":"https:\/\/www.casamiradormalaga.com\/index.php?rest_route=\/wp\/v2\/pages"}],"about":[{"href":"https:\/\/www.casamiradormalaga.com\/index.php?rest_route=\/wp\/v2\/types\/page"}],"author":[{"embeddable":true,"href":"https:\/\/www.casamiradormalaga.com\/index.php?rest_route=\/wp\/v2\/users\/3"}],"replies":[{"embeddable":true,"href":"https:\/\/www.casamiradormalaga.com\/index.php?rest_route=%2Fwp%2Fv2%2Fcomments&post=71411"}],"version-history":[{"count":15,"href":"https:\/\/www.casamiradormalaga.com\/index.php?rest_route=\/wp\/v2\/pages\/71411\/revisions"}],"predecessor-version":[{"id":71522,"href":"https:\/\/www.casamiradormalaga.com\/index.php?rest_route=\/wp\/v2\/pages\/71411\/revisions\/71522"}],"wp:attachment":[{"href":"https:\/\/www.casamiradormalaga.com\/index.php?rest_route=%2Fwp%2Fv2%2Fmedia&parent=71411"}],"curies":[{"name":"wp","href":"https:\/\/api.w.org\/{rel}","templated":true}]}}